{"id":2,"date":"2022-08-24T19:43:24","date_gmt":"2022-08-24T16:43:24","guid":{"rendered":"http:\/\/www.pauliinart.fi\/?page_id=2"},"modified":"2023-05-09T21:23:45","modified_gmt":"2023-05-09T18:23:45","slug":"esimerkkisivu","status":"publish","type":"page","link":"https:\/\/www.pauliinart.fi\/index.php\/esimerkkisivu\/","title":{"rendered":"About me"},"content":{"rendered":"\n<p>Olen itseoppinut taiteen harrastaja Helsingist\u00e4. Taide on aina ollut l\u00e4hell\u00e4 syd\u00e4nt\u00e4ni. Olen tehnyt p\u00e4\u00e4asiassa lyijykyn\u00e4t\u00f6it\u00e4, mutta vuonna 2022 innostuin akryylimaalauksesta.<\/p>\n\n\n\n<p>Abstraktitaide on mielest\u00e4ni \u00e4\u00e4rimm\u00e4isen kiehtova taiteenlaji &#8211; tyylej\u00e4 ja tekniikoita on erilaisia ja niit\u00e4 voi yhdistell\u00e4 vapaasti. Teoksissa k\u00e4yt\u00e4nkin erilaisia tekniikoita ja v\u00e4rein\u00e4 n\u00e4kee usein ainakin mustaa ja\/tai kultaa.<\/p>\n\n\n\n<p>Toivottavasti pidit t\u00f6ist\u00e4ni. <\/p>\n\n\n\n<p><\/p>\n\n\n\n<p><strong>Minut tavoittaa:<\/strong><\/p>\n\n\n\n<p><a href=\"https:\/\/www.instagram.com\/pauliin.art\/\">https:\/\/www.instagram.com\/pauliin.art\/<\/a><\/p>\n\n\n\n<p><a href=\"https:\/\/www.facebook.com\/artbyLauraPauliina\/\">https:\/\/www.facebook.com\/artbyLauraPauliina\/<\/a><\/p>\n\n\n\n<p>laura.p.paakkunainen&#8217;a&#8217;gmail.com<\/p>\n\n\n\n<p>+358414585668<\/p>\n\n\n\n<p><\/p>\n\n\n\n<p><\/p>\n\n\n\n<p><\/p>\n\n\n\n<p><\/p>\n\n\n\n<p><\/p>\n","protected":false},"excerpt":{"rendered":"<p>Olen itseoppinut taiteen harrastaja Helsingist\u00e4. Taide on aina ollut l\u00e4hell\u00e4 syd\u00e4nt\u00e4ni. Olen tehnyt p\u00e4\u00e4asiassa lyijykyn\u00e4t\u00f6it\u00e4, mutta vuonna 2022 innostuin akryylimaalauksesta. Abstraktitaide on mielest\u00e4ni \u00e4\u00e4rimm\u00e4isen kiehtova taiteenlaji &#8211; tyylej\u00e4 ja tekniikoita on erilaisia ja niit\u00e4 voi yhdistell\u00e4 vapaasti. Teoksissa k\u00e4yt\u00e4nkin erilaisia tekniikoita ja v\u00e4rein\u00e4 n\u00e4kee usein ainakin mustaa ja\/tai kultaa. Toivottavasti pidit t\u00f6ist\u00e4ni. Minut tavoittaa: https:\/\/www.instagram.com\/pauliin.art\/ https:\/\/www.facebook.com\/artbyLauraPauliina\/ laura.p.paakkunainen&#8217;a&#8217;gmail.com +358414585668<\/p>\n","protected":false},"author":1,"featured_media":0,"parent":0,"menu_order":0,"comment_status":"closed","ping_status":"open","template":"","meta":{"ngg_post_thumbnail":0,"footnotes":""},"class_list":["post-2","page","type-page","status-publish"],"_links":{"self":[{"href":"https:\/\/www.pauliinart.fi\/index.php\/wp-json\/wp\/v2\/pages\/2","targetHints":{"allow":["GET"]}}],"collection":[{"href":"https:\/\/www.pauliinart.fi\/index.php\/wp-json\/wp\/v2\/pages"}],"about":[{"href":"https:\/\/www.pauliinart.fi\/index.php\/wp-json\/wp\/v2\/types\/page"}],"author":[{"embeddable":true,"href":"https:\/\/www.pauliinart.fi\/index.php\/wp-json\/wp\/v2\/users\/1"}],"replies":[{"embeddable":true,"href":"https:\/\/www.pauliinart.fi\/index.php\/wp-json\/wp\/v2\/comments?post=2"}],"version-history":[{"count":5,"href":"https:\/\/www.pauliinart.fi\/index.php\/wp-json\/wp\/v2\/pages\/2\/revisions"}],"predecessor-version":[{"id":88,"href":"https:\/\/www.pauliinart.fi\/index.php\/wp-json\/wp\/v2\/pages\/2\/revisions\/88"}],"wp:attachment":[{"href":"https:\/\/www.pauliinart.fi\/index.php\/wp-json\/wp\/v2\/media?parent=2"}],"curies":[{"name":"wp","href":"https:\/\/api.w.org\/{rel}","templated":true}]}}